{"id":69,"date":"2020-03-07T13:36:51","date_gmt":"2020-03-07T16:36:51","guid":{"rendered":"http:\/\/localhost\/financiera\/?page_id=69"},"modified":"2020-04-11T12:50:40","modified_gmt":"2020-04-11T15:50:40","slug":"terminos-y-condiciones","status":"publish","type":"page","link":"https:\/\/www.estudiofinancierovallemedio.com.ar\/?page_id=69","title":{"rendered":"T\u00e9rminos y condiciones"},"content":{"rendered":"\n<p>F\u00e1cil de acceder a su pr\u00e9stamo, r\u00e1pido y sencillo, con pocos requisitos.\u00a0En el d\u00eda resolvemos su situaci\u00f3n. P\u00f3ngase en contacto con nuestros asesores y le indicar\u00e1n los requisitos a cumplir.<\/p>\n\n\n\n<p><strong>Derechos de Autor:<\/strong><\/p>\n\n\n\n<p>Los derechos de autor, la informaci\u00f3n, los materiales y su publicaci\u00f3n en este Sitio Web son de nuestra propiedad, al menos que se indique lo contrario.<\/p>\n\n\n\n<p><strong>Propiedad Intelectual<\/strong><\/p>\n\n\n\n<p>Usted reconoce que el servicio tiene contenidos que son de propiedad de <strong>Estudio Financiero Valle Medio<\/strong>, cualquier texto, gr\u00e1ficos, im\u00e1genes, informaci\u00f3n, sofware, etc.  Cualquier contenido del sitio que sea de nuestra propiedad se denomina \u201cNuestro Material del Sitio\u201d, el cual puede contener imprecisiones  t\u00e9cnicas o errores tipogr\u00e1ficos. Nos reservamos el derecho a realizar modificaciones y actualizaciones de la informaci\u00f3n contenida en Nuestro Sitio sin previo aviso.<\/p>\n","protected":false},"excerpt":{"rendered":"<p>F\u00e1cil de acceder a su pr\u00e9stamo, r\u00e1pido y sencillo, con pocos requisitos.\u00a0En el d\u00eda resolvemos su situaci\u00f3n. P\u00f3ngase en contacto con nuestros asesores y le indicar\u00e1n los requisitos a cumplir. Derechos de Autor: Los derechos de autor, la informaci\u00f3n, los materiales y su publicaci\u00f3n en este Sitio Web son de nuestra propiedad, al menos que [&hellip;]<\/p>\n","protected":false},"author":1,"featured_media":0,"parent":0,"menu_order":0,"comment_status":"closed","ping_status":"closed","template":"","meta":[],"_links":{"self":[{"href":"https:\/\/www.estudiofinancierovallemedio.com.ar\/index.php?rest_route=\/wp\/v2\/pages\/69"}],"collection":[{"href":"https:\/\/www.estudiofinancierovallemedio.com.ar\/index.php?rest_route=\/wp\/v2\/pages"}],"about":[{"href":"https:\/\/www.estudiofinancierovallemedio.com.ar\/index.php?rest_route=\/wp\/v2\/types\/page"}],"author":[{"embeddable":true,"href":"https:\/\/www.estudiofinancierovallemedio.com.ar\/index.php?rest_route=\/wp\/v2\/users\/1"}],"replies":[{"embeddable":true,"href":"https:\/\/www.estudiofinancierovallemedio.com.ar\/index.php?rest_route=%2Fwp%2Fv2%2Fcomments&post=69"}],"version-history":[{"count":3,"href":"https:\/\/www.estudiofinancierovallemedio.com.ar\/index.php?rest_route=\/wp\/v2\/pages\/69\/revisions"}],"predecessor-version":[{"id":144,"href":"https:\/\/www.estudiofinancierovallemedio.com.ar\/index.php?rest_route=\/wp\/v2\/pages\/69\/revisions\/144"}],"wp:attachment":[{"href":"https:\/\/www.estudiofinancierovallemedio.com.ar\/index.php?rest_route=%2Fwp%2Fv2%2Fmedia&parent=69"}],"curies":[{"name":"wp","href":"https:\/\/api.w.org\/{rel}","templated":true}]}}