{"id":71,"date":"2020-03-07T13:40:45","date_gmt":"2020-03-07T16:40:45","guid":{"rendered":"http:\/\/localhost\/financiera\/?page_id=71"},"modified":"2020-04-11T12:45:05","modified_gmt":"2020-04-11T15:45:05","slug":"nuestra-empresa","status":"publish","type":"page","link":"https:\/\/www.estudiofinancierovallemedio.com.ar\/?page_id=71","title":{"rendered":"Nuestra Empresa"},"content":{"rendered":"\n<h2>Estudio Financiero Valle Medio<\/h2>\n\n\n\n<p>La calidad y efectividad de nuestra gesti\u00f3n est\u00e1 avalada por una importante trayectoria. Nuestro recorrido comienza en el a\u00f1o 2015 en la ciudad de Choele Choel, Provincia de R\u00edo Negro.<\/p>\n\n\n\n<p>Operamos en distintos niveles de pr\u00e9stamos personales y comerciales, siendo nuestra misi\u00f3n brindar un servicio \u00e1gil y eficiente. Para ello contamos con un grupo de profesionales y especialistas aptos e id\u00f3neos en las diferentes \u00e1reas, prestos a brindar soluciones precisas y concretas a sus necesidades.<\/p>\n\n\n\n<p>Contamos con empleados capacitados en su tarea, tres sucursales y un conjunto de servicios financieros esper\u00e1ndolo. Nuestra proyecci\u00f3n es continuar con la apertura de sucursales en el mediano plazo.<\/p>\n\n\n\n<p>En <strong>Estudio Financiero Valle Medio<\/strong> creemos en sus proyectos, sabemos de sus necesidades de crecimiento, bregamos por el logro de sus sue\u00f1os y, fundamentalmente estamos convencidos de que es posible concretar los sue\u00f1os. Por eso, en nuestro decidido apoyo a la peque\u00f1a y mediana empresa (PyME), brindamos diferentes alternativas de cr\u00e9dito en pesos; y una extensa gama de servicio; ya que, adem\u00e1s de nuestra importante l\u00ednea crediticia, ofrecemos m\u00faltiples respuestas a sus necesidades de desarrollo modernizaci\u00f3n o capitalizaci\u00f3n a trav\u00e9s de un completo abanico de servicios.<\/p>\n\n\n\n<p>Somos especialistas en la atenci\u00f3n de las PyME\u2019s de la regi\u00f3n, ya que nuestra ventaja radica en que somos locales, empresarios de la zona, en conocer a nuestra gente y la realidad comercial de la regi\u00f3n.<\/p>\n\n\n\n<p><\/p>\n\n\n\n<p><\/p>\n\n\n\n<p><\/p>\n\n\n\n<p><\/p>\n\n\n\n<p><\/p>\n","protected":false},"excerpt":{"rendered":"<p>Estudio Financiero Valle Medio La calidad y efectividad de nuestra gesti\u00f3n est\u00e1 avalada por una importante trayectoria. Nuestro recorrido comienza en el a\u00f1o 2015 en la ciudad de Choele Choel, Provincia de R\u00edo Negro. Operamos en distintos niveles de pr\u00e9stamos personales y comerciales, siendo nuestra misi\u00f3n brindar un servicio \u00e1gil y eficiente. Para ello contamos [&hellip;]<\/p>\n","protected":false},"author":1,"featured_media":0,"parent":0,"menu_order":0,"comment_status":"closed","ping_status":"closed","template":"","meta":[],"_links":{"self":[{"href":"https:\/\/www.estudiofinancierovallemedio.com.ar\/index.php?rest_route=\/wp\/v2\/pages\/71"}],"collection":[{"href":"https:\/\/www.estudiofinancierovallemedio.com.ar\/index.php?rest_route=\/wp\/v2\/pages"}],"about":[{"href":"https:\/\/www.estudiofinancierovallemedio.com.ar\/index.php?rest_route=\/wp\/v2\/types\/page"}],"author":[{"embeddable":true,"href":"https:\/\/www.estudiofinancierovallemedio.com.ar\/index.php?rest_route=\/wp\/v2\/users\/1"}],"replies":[{"embeddable":true,"href":"https:\/\/www.estudiofinancierovallemedio.com.ar\/index.php?rest_route=%2Fwp%2Fv2%2Fcomments&post=71"}],"version-history":[{"count":4,"href":"https:\/\/www.estudiofinancierovallemedio.com.ar\/index.php?rest_route=\/wp\/v2\/pages\/71\/revisions"}],"predecessor-version":[{"id":142,"href":"https:\/\/www.estudiofinancierovallemedio.com.ar\/index.php?rest_route=\/wp\/v2\/pages\/71\/revisions\/142"}],"wp:attachment":[{"href":"https:\/\/www.estudiofinancierovallemedio.com.ar\/index.php?rest_route=%2Fwp%2Fv2%2Fmedia&parent=71"}],"curies":[{"name":"wp","href":"https:\/\/api.w.org\/{rel}","templated":true}]}}